{"id":1756,"date":"2025-02-20T13:49:19","date_gmt":"2025-02-20T12:49:19","guid":{"rendered":"https:\/\/www.bijwinkeldiefstal.be\/police\/"},"modified":"2025-10-28T11:31:44","modified_gmt":"2025-10-28T10:31:44","slug":"police","status":"publish","type":"page","link":"https:\/\/www.bijwinkeldiefstal.be\/fr\/police\/","title":{"rendered":"Police"},"content":{"rendered":"\t\t<div data-elementor-type=\"wp-page\" data-elementor-id=\"1756\" class=\"elementor elementor-1756 elementor-25\" data-elementor-post-type=\"page\">\n\t\t\t\t<div class=\"elementor-element elementor-element-fcd9cc1 e-flex e-con-boxed e-con e-parent\" data-id=\"fcd9cc1\" data-element_type=\"container\" data-e-type=\"container\">\n\t\t\t\t\t<div class=\"e-con-inner\">\n\t\t\t\t<div class=\"elementor-element elementor-element-91235b3 elementor-widget elementor-widget-jet-listing-dynamic-field\" data-id=\"91235b3\" data-element_type=\"widget\" data-e-type=\"widget\" data-widget_type=\"jet-listing-dynamic-field.default\">\n\t\t\t\t<div class=\"elementor-widget-container\">\n\t\t\t\t\t<div class=\"jet-listing jet-listing-dynamic-field display-inline\"><div class=\"jet-listing-dynamic-field__inline-wrap\"><div class=\"jet-listing-dynamic-field__content\" ><a href=\"https:\/\/www.bijwinkeldiefstal.be\/fr\/\">Page d'acceuill<\/a> \u00bb Police<\/div><\/div><\/div>\t\t\t\t<\/div>\n\t\t\t\t<\/div>\n\t\t\t\t\t<\/div>\n\t\t\t\t<\/div>\n\t\t<div class=\"elementor-element elementor-element-d28acae e-flex e-con-boxed e-con e-parent\" data-id=\"d28acae\" data-element_type=\"container\" data-e-type=\"container\" data-settings=\"{&quot;background_background&quot;:&quot;classic&quot;}\">\n\t\t\t\t\t<div class=\"e-con-inner\">\n\t\t\t\t\t<\/div>\n\t\t\t\t<\/div>\n\t\t<div class=\"elementor-element elementor-element-08175f5 e-flex e-con-boxed e-con e-parent\" data-id=\"08175f5\" data-element_type=\"container\" data-e-type=\"container\">\n\t\t\t\t\t<div class=\"e-con-inner\">\n\t\t<div class=\"elementor-element elementor-element-4b91486 e-con-full e-flex e-con e-child\" data-id=\"4b91486\" data-element_type=\"container\" data-e-type=\"container\" data-settings=\"{&quot;background_background&quot;:&quot;classic&quot;}\">\n\t\t\t\t<div class=\"elementor-element elementor-element-20af88c elementor-widget elementor-widget-heading\" data-id=\"20af88c\" data-element_type=\"widget\" data-e-type=\"widget\" data-widget_type=\"heading.default\">\n\t\t\t\t<div class=\"elementor-widget-container\">\n\t\t\t\t\t<h1 class=\"elementor-heading-title elementor-size-default\">Police<\/h1>\t\t\t\t<\/div>\n\t\t\t\t<\/div>\n\t\t\t\t<div class=\"elementor-element elementor-element-e5eeb71 elementor-widget elementor-widget-text-editor\" data-id=\"e5eeb71\" data-element_type=\"widget\" data-e-type=\"widget\" data-widget_type=\"text-editor.default\">\n\t\t\t\t<div class=\"elementor-widget-container\">\n\t\t\t\t\t\t\t\t\t<p>La plateforme bijwinkeldiefstal.be est destin\u00e9e aux commer\u00e7ants, d\u00e9taillants et grandes surfaces pour enregistrer un vol \u00e0 l\u2019\u00e9talage. L\u2019avantage pour le commer\u00e7ant est qu\u2019il peut traiter le vol de mani\u00e8re rapide et efficace. Le commer\u00e7ant obtient une indemnisation via un r\u00e8glement \u00e0 l\u2019amiable bas\u00e9 sur une transaction sign\u00e9e mutuellement.<\/p>\n\t\t\t\t\t\t\t\t<\/div>\n\t\t\t\t<\/div>\n\t\t\t\t<\/div>\n\t\t\t\t\t<\/div>\n\t\t\t\t<\/div>\n\t\t<div class=\"elementor-element elementor-element-bf64185 e-flex e-con-boxed e-con e-parent\" data-id=\"bf64185\" data-element_type=\"container\" data-e-type=\"container\">\n\t\t\t\t\t<div class=\"e-con-inner\">\n\t\t<div class=\"elementor-element elementor-element-a43a391 e-con-full e-flex e-con e-child\" data-id=\"a43a391\" data-element_type=\"container\" data-e-type=\"container\">\n\t\t\t\t<div class=\"elementor-element elementor-element-cf4aada elementor-widget elementor-widget-heading\" data-id=\"cf4aada\" data-element_type=\"widget\" data-e-type=\"widget\" data-widget_type=\"heading.default\">\n\t\t\t\t<div class=\"elementor-widget-container\">\n\t\t\t\t\t<h2 class=\"elementor-heading-title elementor-size-default\">Pourquoi cette approche ?<\/h2>\t\t\t\t<\/div>\n\t\t\t\t<\/div>\n\t\t\t\t<div class=\"elementor-element elementor-element-4661f7c elementor-widget elementor-widget-text-editor\" data-id=\"4661f7c\" data-element_type=\"widget\" data-e-type=\"widget\" data-widget_type=\"text-editor.default\">\n\t\t\t\t<div class=\"elementor-widget-container\">\n\t\t\t\t\t\t\t\t\t<p>Les commer\u00e7ants le constatent chaque jour : le vol \u00e0 l\u2019\u00e9talage est un probl\u00e8me majeur qui leur co\u00fbte des milliers, voire des dizaines de milliers d\u2019euros par an et par \u00e9tablissement. Cela p\u00e8se lourdement sur leurs r\u00e9sultats financiers et mobilise du personnel qui ne peut alors pas exercer ses fonctions habituelles. C\u2019est pr\u00e9cis\u00e9ment pour compenser cette perte mat\u00e9rielle et de temps que le r\u00e8glement \u00e0 l\u2019amiable a \u00e9t\u00e9 mis en place.<\/p>\n\t\t\t\t\t\t\t\t<\/div>\n\t\t\t\t<\/div>\n\t\t\t\t<\/div>\n\t\t<div class=\"elementor-element elementor-element-41794d9 e-con-full e-flex e-con e-child\" data-id=\"41794d9\" data-element_type=\"container\" data-e-type=\"container\">\n\t\t\t\t<div class=\"elementor-element elementor-element-bdd8bea elementor-widget elementor-widget-image\" data-id=\"bdd8bea\" data-element_type=\"widget\" data-e-type=\"widget\" data-widget_type=\"image.default\">\n\t\t\t\t<div class=\"elementor-widget-container\">\n\t\t\t\t\t\t\t\t\t\t\t\t\t\t\t<img fetchpriority=\"high\" decoding=\"async\" width=\"500\" height=\"350\" src=\"https:\/\/www.bijwinkeldiefstal.be\/wp-content\/uploads\/2025\/08\/Politie.jpg\" class=\"attachment-large size-large wp-image-1685\" alt=\"Politie winkeldiefstal\" srcset=\"https:\/\/www.bijwinkeldiefstal.be\/wp-content\/uploads\/2025\/08\/Politie.jpg 500w, https:\/\/www.bijwinkeldiefstal.be\/wp-content\/uploads\/2025\/08\/Politie-300x210.jpg 300w\" sizes=\"(max-width: 500px) 100vw, 500px\" \/>\t\t\t\t\t\t\t\t\t\t\t\t\t\t\t<\/div>\n\t\t\t\t<\/div>\n\t\t\t\t<\/div>\n\t\t\t\t\t<\/div>\n\t\t\t\t<\/div>\n\t\t<div class=\"elementor-element elementor-element-5dc09ee e-flex e-con-boxed e-con e-parent\" data-id=\"5dc09ee\" data-element_type=\"container\" data-e-type=\"container\">\n\t\t\t\t\t<div class=\"e-con-inner\">\n\t\t<div class=\"elementor-element elementor-element-a6cfab1 e-con-full e-flex e-con e-child\" data-id=\"a6cfab1\" data-element_type=\"container\" data-e-type=\"container\" data-settings=\"{&quot;background_background&quot;:&quot;classic&quot;}\">\n\t\t<div class=\"elementor-element elementor-element-5565e05 e-con-full e-flex e-con e-child\" data-id=\"5565e05\" data-element_type=\"container\" data-e-type=\"container\">\n\t\t\t\t<div class=\"elementor-element elementor-element-58b4ac6 elementor-widget elementor-widget-heading\" data-id=\"58b4ac6\" data-element_type=\"widget\" data-e-type=\"widget\" data-widget_type=\"heading.default\">\n\t\t\t\t<div class=\"elementor-widget-container\">\n\t\t\t\t\t<h2 class=\"elementor-heading-title elementor-size-default\">Cadre l\u00e9gal<\/h2>\t\t\t\t<\/div>\n\t\t\t\t<\/div>\n\t\t\t\t<div class=\"elementor-element elementor-element-9ee41c7 elementor-widget elementor-widget-text-editor\" data-id=\"9ee41c7\" data-element_type=\"widget\" data-e-type=\"widget\" data-widget_type=\"text-editor.default\">\n\t\t\t\t<div class=\"elementor-widget-container\">\n\t\t\t\t\t\t\t\t\t<p>Le syst\u00e8me SODA repose juridiquement sur les articles 2044 \u00e0 2058 du Code civil ancien, afin de traiter les cons\u00e9quences civiles d\u2019un incident, en l\u2019occurrence un vol \u00e0 l\u2019\u00e9talage.<br \/>L\u2019accord transactionnel constitue une convention valable et contraignante, tant que les conditions l\u00e9gales sont respect\u00e9es : notamment la capacit\u00e9 juridique, la majorit\u00e9 du contrevenant, et l\u2019absence de contrainte.<\/p>\n\t\t\t\t\t\t\t\t<\/div>\n\t\t\t\t<\/div>\n\t\t\t\t<\/div>\n\t\t\t\t<\/div>\n\t\t\t\t\t<\/div>\n\t\t\t\t<\/div>\n\t\t<div class=\"elementor-element elementor-element-d649185 e-flex e-con-boxed e-con e-parent\" data-id=\"d649185\" data-element_type=\"container\" data-e-type=\"container\">\n\t\t\t\t\t<div class=\"e-con-inner\">\n\t\t<div class=\"elementor-element elementor-element-57dfbc8 e-con-full e-flex e-con e-child\" data-id=\"57dfbc8\" data-element_type=\"container\" data-e-type=\"container\">\n\t\t\t\t<div class=\"elementor-element elementor-element-fbe6b8f elementor-widget elementor-widget-heading\" data-id=\"fbe6b8f\" data-element_type=\"widget\" data-e-type=\"widget\" data-widget_type=\"heading.default\">\n\t\t\t\t<div class=\"elementor-widget-container\">\n\t\t\t\t\t<h2 class=\"elementor-heading-title elementor-size-default\">Ensemble contre le vol \u00e0 l\u2019\u00e9talage<\/h2>\t\t\t\t<\/div>\n\t\t\t\t<\/div>\n\t\t\t\t<div class=\"elementor-element elementor-element-be58502 elementor-widget elementor-widget-text-editor\" data-id=\"be58502\" data-element_type=\"widget\" data-e-type=\"widget\" data-widget_type=\"text-editor.default\">\n\t\t\t\t<div class=\"elementor-widget-container\">\n\t\t\t\t\t\t\t\t\t<p>Il n\u2019est plus n\u00e9cessaire de d\u00e9montrer que la pression sur la police et le syst\u00e8me judiciaire ne cesse d\u2019augmenter. Trop souvent, lorsqu\u2019un commer\u00e7ant d\u00e9clare un vol, la police manque de moyens ou de temps pour intervenir imm\u00e9diatement sur place. Malheureusement, cela entra\u00eene une perte de temps suppl\u00e9mentaire pour le commer\u00e7ant et ses employ\u00e9s.<br \/>Nous constatons \u00e9galement que de nombreux cas de vol \u00e0 l\u2019\u00e9talage sont class\u00e9s sans suite par le syst\u00e8me judiciaire, ce qui permet au voleur d\u2019\u00e9chapper \u00e0 toute sanction. Le commer\u00e7ant, quant \u00e0 lui, reste sans compensation.<br \/>SODA soutient pleinement une communication fluide avec la police et la justice, notamment par le biais d\u2019un retour d\u2019information sur l\u2019incident. Bien entendu, chaque commer\u00e7ant reste libre de pr\u00e9venir la police, ce qui est obligatoire dans les cas suivants :<\/p>\n\t\t\t\t\t\t\t\t<\/div>\n\t\t\t\t<\/div>\n\t\t\t\t<div class=\"elementor-element elementor-element-f12f47b elementor-icon-list--layout-traditional elementor-list-item-link-full_width elementor-widget elementor-widget-icon-list\" data-id=\"f12f47b\" data-element_type=\"widget\" data-e-type=\"widget\" data-widget_type=\"icon-list.default\">\n\t\t\t\t<div class=\"elementor-widget-container\">\n\t\t\t\t\t\t\t<ul class=\"elementor-icon-list-items\">\n\t\t\t\t\t\t\t<li class=\"elementor-icon-list-item\">\n\t\t\t\t\t\t\t\t\t\t\t<span class=\"elementor-icon-list-icon\">\n\t\t\t\t\t\t\t<i aria-hidden=\"true\" class=\"fas fa-check\"><\/i>\t\t\t\t\t\t<\/span>\n\t\t\t\t\t\t\t\t\t\t<span class=\"elementor-icon-list-text\">Si l\u2019auteur est mineur<\/span>\n\t\t\t\t\t\t\t\t\t<\/li>\n\t\t\t\t\t\t\t\t<li class=\"elementor-icon-list-item\">\n\t\t\t\t\t\t\t\t\t\t\t<span class=\"elementor-icon-list-icon\">\n\t\t\t\t\t\t\t<i aria-hidden=\"true\" class=\"fas fa-check\"><\/i>\t\t\t\t\t\t<\/span>\n\t\t\t\t\t\t\t\t\t\t<span class=\"elementor-icon-list-text\">En cas d\u2019agression ou de violence<\/span>\n\t\t\t\t\t\t\t\t\t<\/li>\n\t\t\t\t\t\t\t\t<li class=\"elementor-icon-list-item\">\n\t\t\t\t\t\t\t\t\t\t\t<span class=\"elementor-icon-list-icon\">\n\t\t\t\t\t\t\t<i aria-hidden=\"true\" class=\"fas fa-check\"><\/i>\t\t\t\t\t\t<\/span>\n\t\t\t\t\t\t\t\t\t\t<span class=\"elementor-icon-list-text\">Si la personne appartient \u00e0 un groupe vuln\u00e9rable<\/span>\n\t\t\t\t\t\t\t\t\t<\/li>\n\t\t\t\t\t\t\t\t<li class=\"elementor-icon-list-item\">\n\t\t\t\t\t\t\t\t\t\t\t<span class=\"elementor-icon-list-icon\">\n\t\t\t\t\t\t\t<i aria-hidden=\"true\" class=\"fas fa-check\"><\/i>\t\t\t\t\t\t<\/span>\n\t\t\t\t\t\t\t\t\t\t<span class=\"elementor-icon-list-text\">Si le vol n\u2019est pas reconnu par l\u2019auteur<\/span>\n\t\t\t\t\t\t\t\t\t<\/li>\n\t\t\t\t\t\t<\/ul>\n\t\t\t\t\t\t<\/div>\n\t\t\t\t<\/div>\n\t\t\t\t<\/div>\n\t\t<div class=\"elementor-element elementor-element-0ffc569 e-con-full e-flex e-con e-child\" data-id=\"0ffc569\" data-element_type=\"container\" data-e-type=\"container\">\n\t\t\t\t<div class=\"elementor-element elementor-element-c058fe0 elementor-widget elementor-widget-image\" data-id=\"c058fe0\" data-element_type=\"widget\" data-e-type=\"widget\" data-widget_type=\"image.default\">\n\t\t\t\t<div class=\"elementor-widget-container\">\n\t\t\t\t\t\t\t\t\t\t\t\t\t\t\t<img decoding=\"async\" width=\"250\" height=\"350\" src=\"https:\/\/www.bijwinkeldiefstal.be\/wp-content\/uploads\/2025\/08\/Sticker-winkeldiefstal-bijwinkeldiefstal.be_.jpg\" class=\"attachment-large size-large wp-image-1781\" alt=\"Winkeldiefstal\" srcset=\"https:\/\/www.bijwinkeldiefstal.be\/wp-content\/uploads\/2025\/08\/Sticker-winkeldiefstal-bijwinkeldiefstal.be_.jpg 250w, https:\/\/www.bijwinkeldiefstal.be\/wp-content\/uploads\/2025\/08\/Sticker-winkeldiefstal-bijwinkeldiefstal.be_-214x300.jpg 214w\" sizes=\"(max-width: 250px) 100vw, 250px\" \/>\t\t\t\t\t\t\t\t\t\t\t\t\t\t\t<\/div>\n\t\t\t\t<\/div>\n\t\t\t\t<\/div>\n\t\t\t\t\t<\/div>\n\t\t\t\t<\/div>\n\t\t\t\t<\/div>\n\t\t","protected":false},"excerpt":{"rendered":"<p>Page d&rsquo;acceuill \u00bb Police La plateforme bijwinkeldiefstal.be est destin\u00e9e aux commer\u00e7ants, d\u00e9taillants et grandes surfaces pour enregistrer un vol \u00e0 l\u2019\u00e9talage. L\u2019avantage pour le commer\u00e7ant est qu\u2019il peut traiter le vol de mani\u00e8re rapide et efficace. Le commer\u00e7ant obtient une indemnisation via un r\u00e8glement \u00e0 l\u2019amiable bas\u00e9 sur une transaction sign\u00e9e mutuellement. Pourquoi cette approche [&hellip;]<\/p>\n","protected":false},"author":1,"featured_media":0,"parent":0,"menu_order":0,"comment_status":"closed","ping_status":"closed","template":"elementor_header_footer","meta":{"footnotes":""},"class_list":["post-1756","page","type-page","status-publish","hentry"],"_links":{"self":[{"href":"https:\/\/www.bijwinkeldiefstal.be\/fr\/wp-json\/wp\/v2\/pages\/1756","targetHints":{"allow":["GET"]}}],"collection":[{"href":"https:\/\/www.bijwinkeldiefstal.be\/fr\/wp-json\/wp\/v2\/pages"}],"about":[{"href":"https:\/\/www.bijwinkeldiefstal.be\/fr\/wp-json\/wp\/v2\/types\/page"}],"author":[{"embeddable":true,"href":"https:\/\/www.bijwinkeldiefstal.be\/fr\/wp-json\/wp\/v2\/users\/1"}],"replies":[{"embeddable":true,"href":"https:\/\/www.bijwinkeldiefstal.be\/fr\/wp-json\/wp\/v2\/comments?post=1756"}],"version-history":[{"count":11,"href":"https:\/\/www.bijwinkeldiefstal.be\/fr\/wp-json\/wp\/v2\/pages\/1756\/revisions"}],"predecessor-version":[{"id":2048,"href":"https:\/\/www.bijwinkeldiefstal.be\/fr\/wp-json\/wp\/v2\/pages\/1756\/revisions\/2048"}],"wp:attachment":[{"href":"https:\/\/www.bijwinkeldiefstal.be\/fr\/wp-json\/wp\/v2\/media?parent=1756"}],"curies":[{"name":"wp","href":"https:\/\/api.w.org\/{rel}","templated":true}]}}